{"id":2,"date":"2021-09-17T18:02:14","date_gmt":"2021-09-17T18:02:14","guid":{"rendered":"http:\/\/inga-grosslohe.de\/?page_id=2"},"modified":"2021-10-05T19:43:00","modified_gmt":"2021-10-05T17:43:00","slug":"sample-page","status":"publish","type":"page","link":"https:\/\/www.inga-grosslohe.de\/","title":{"rendered":"Herzlich Willkommen!"},"content":{"rendered":"\n<p>Die Internetseiten des InGa Gro\u00dflohe e.V. in Gr\u00fcndung befinden sich derzeit im Aufbau.<\/p>\n\n\n\n<p>Nach und nach werden wir diese Seite mit Leben und aktuellen Inhalten f\u00fcllen.<\/p>\n\n\n\n<p>Wenn Sie interesse an unserer Arbeit oder dem Interkulturellen Gemeinschaftsgarten Gro\u00dflohe haben, scheuen Sie sich nicht und kontaktieren Sie uns.<\/p>\n","protected":false},"excerpt":{"rendered":"<p>Die Internetseiten des InGa Gro\u00dflohe e.V. in Gr\u00fcndung befinden sich derzeit im Aufbau. Nach und nach werden wir diese Seite mit Leben und aktuellen Inhalten f\u00fcllen. Wenn Sie interesse an unserer Arbeit oder dem&#46;&#46;&#46;<\/p>\n","protected":false},"author":1,"featured_media":0,"parent":0,"menu_order":0,"comment_status":"closed","ping_status":"open","template":"","meta":{"footnotes":""},"class_list":["post-2","page","type-page","status-publish","hentry"],"_links":{"self":[{"href":"https:\/\/www.inga-grosslohe.de\/index.php?rest_route=\/wp\/v2\/pages\/2","targetHints":{"allow":["GET"]}}],"collection":[{"href":"https:\/\/www.inga-grosslohe.de\/index.php?rest_route=\/wp\/v2\/pages"}],"about":[{"href":"https:\/\/www.inga-grosslohe.de\/index.php?rest_route=\/wp\/v2\/types\/page"}],"author":[{"embeddable":true,"href":"https:\/\/www.inga-grosslohe.de\/index.php?rest_route=\/wp\/v2\/users\/1"}],"replies":[{"embeddable":true,"href":"https:\/\/www.inga-grosslohe.de\/index.php?rest_route=%2Fwp%2Fv2%2Fcomments&post=2"}],"version-history":[{"count":1,"href":"https:\/\/www.inga-grosslohe.de\/index.php?rest_route=\/wp\/v2\/pages\/2\/revisions"}],"predecessor-version":[{"id":30,"href":"https:\/\/www.inga-grosslohe.de\/index.php?rest_route=\/wp\/v2\/pages\/2\/revisions\/30"}],"wp:attachment":[{"href":"https:\/\/www.inga-grosslohe.de\/index.php?rest_route=%2Fwp%2Fv2%2Fmedia&parent=2"}],"curies":[{"name":"wp","href":"https:\/\/api.w.org\/{rel}","templated":true}]}}